{"id":8675,"date":"2025-11-03T09:25:09","date_gmt":"2025-11-03T09:25:09","guid":{"rendered":"https:\/\/www.tourenwagenjuniorcup.de\/fahrzeug\/"},"modified":"2026-01-14T12:13:19","modified_gmt":"2026-01-14T12:13:19","slug":"fahrzeug","status":"publish","type":"page","link":"https:\/\/www.tourenwagenjuniorcup.de\/en\/fahrzeug\/","title":{"rendered":"FAHRZEUG E"},"content":{"rendered":"<div id=\"cs-content\" class=\"cs-content\"><\/div>\n","protected":false},"excerpt":{"rendered":"<p>FAHRZEUG Der virtuelle VW up! GTI f\u00fcr die Simulation Assetto Corsa wurde in enger Abstimmung mit MRD (Entwickler der realen Fahrzeuge) auf Basis echter Fahrdaten optimiert. Die Weiterentwicklung des seit 2020 existierenden Modells umfasste \u00c4nderungen an der Karosserie, die seit der Saison 2024 an der Vorderachse deutlich ver\u00e4ndert wurde. Ebenfalls wurden s\u00e4mtliche reale Fahrzeugdaten in die Simulation \u00fcbertragen. Neben der &#8230; <\/p>\n<div><a href=\"https:\/\/www.tourenwagenjuniorcup.de\/en\/fahrzeug\/\" class=\"more-link\">Read More<\/a><\/div>\n","protected":false},"author":3,"featured_media":0,"parent":0,"menu_order":4,"comment_status":"closed","ping_status":"closed","template":"template-blank-4.php","meta":{"footnotes":""},"class_list":["post-8675","page","type-page","status-publish","hentry","no-post-thumbnail"],"yoast_head":"<!-- This site is optimized with the Yoast SEO plugin v25.9 - https:\/\/yoast.com\/wordpress\/plugins\/seo\/ -->\n<title>FAHRZEUG E | ADAC Tourenwagen Junior Cup<\/title>\n<meta name=\"robots\" content=\"index, follow, max-snippet:-1, max-image-preview:large, max-video-preview:-1\" \/>\n<link rel=\"canonical\" href=\"https:\/\/www.tourenwagenjuniorcup.de\/en\/fahrzeug\/\" \/>\n<meta property=\"og:locale\" content=\"en_US\" \/>\n<meta property=\"og:type\" content=\"article\" \/>\n<meta property=\"og:title\" content=\"FAHRZEUG E | ADAC Tourenwagen Junior Cup\" \/>\n<meta property=\"og:description\" content=\"FAHRZEUG Der virtuelle VW up! GTI f\u00fcr die Simulation Assetto Corsa wurde in enger Abstimmung mit MRD (Entwickler der realen Fahrzeuge) auf Basis echter Fahrdaten optimiert. Die Weiterentwicklung des seit 2020 existierenden Modells umfasste \u00c4nderungen an der Karosserie, die seit der Saison 2024 an der Vorderachse deutlich ver\u00e4ndert wurde. Ebenfalls wurden s\u00e4mtliche reale Fahrzeugdaten in die Simulation \u00fcbertragen. Neben der ... Read More\" \/>\n<meta property=\"og:url\" content=\"https:\/\/www.tourenwagenjuniorcup.de\/en\/fahrzeug\/\" \/>\n<meta property=\"og:site_name\" content=\"ADAC Tourenwagen Junior Cup\" \/>\n<meta property=\"article:modified_time\" content=\"2026-01-14T12:13:19+00:00\" \/>\n<meta name=\"twitter:card\" content=\"summary_large_image\" \/>\n<meta name=\"twitter:label1\" content=\"Est. reading time\" \/>\n\t<meta name=\"twitter:data1\" content=\"3 minutes\" \/>\n<script type=\"application\/ld+json\" class=\"yoast-schema-graph\">{\"@context\":\"https:\/\/schema.org\",\"@graph\":[{\"@type\":\"WebPage\",\"@id\":\"https:\/\/www.tourenwagenjuniorcup.de\/en\/fahrzeug\/\",\"url\":\"https:\/\/www.tourenwagenjuniorcup.de\/en\/fahrzeug\/\",\"name\":\"FAHRZEUG E | ADAC Tourenwagen Junior Cup\",\"isPartOf\":{\"@id\":\"https:\/\/www.tourenwagenjuniorcup.de\/en\/#website\"},\"datePublished\":\"2025-11-03T09:25:09+00:00\",\"dateModified\":\"2026-01-14T12:13:19+00:00\",\"breadcrumb\":{\"@id\":\"https:\/\/www.tourenwagenjuniorcup.de\/en\/fahrzeug\/#breadcrumb\"},\"inLanguage\":\"en-US\",\"potentialAction\":[{\"@type\":\"ReadAction\",\"target\":[\"https:\/\/www.tourenwagenjuniorcup.de\/en\/fahrzeug\/\"]}]},{\"@type\":\"BreadcrumbList\",\"@id\":\"https:\/\/www.tourenwagenjuniorcup.de\/en\/fahrzeug\/#breadcrumb\",\"itemListElement\":[{\"@type\":\"ListItem\",\"position\":1,\"name\":\"Startseite\",\"item\":\"https:\/\/www.tourenwagenjuniorcup.de\/en\/\"},{\"@type\":\"ListItem\",\"position\":2,\"name\":\"FAHRZEUG E\"}]},{\"@type\":\"WebSite\",\"@id\":\"https:\/\/www.tourenwagenjuniorcup.de\/en\/#website\",\"url\":\"https:\/\/www.tourenwagenjuniorcup.de\/en\/\",\"name\":\"ADAC Tourenwagen Junior Cup\",\"description\":\"Der ADAC Tourenwagen Junior Cup ist die deutsche Nachwuchsliga und dein Sprungbrett in den Profi-Sport.\",\"potentialAction\":[{\"@type\":\"SearchAction\",\"target\":{\"@type\":\"EntryPoint\",\"urlTemplate\":\"https:\/\/www.tourenwagenjuniorcup.de\/en\/?s={search_term_string}\"},\"query-input\":{\"@type\":\"PropertyValueSpecification\",\"valueRequired\":true,\"valueName\":\"search_term_string\"}}],\"inLanguage\":\"en-US\"}]}<\/script>\n<!-- \/ Yoast SEO plugin. -->","yoast_head_json":{"title":"FAHRZEUG E | ADAC Tourenwagen Junior Cup","robots":{"index":"index","follow":"follow","max-snippet":"max-snippet:-1","max-image-preview":"max-image-preview:large","max-video-preview":"max-video-preview:-1"},"canonical":"https:\/\/www.tourenwagenjuniorcup.de\/en\/fahrzeug\/","og_locale":"en_US","og_type":"article","og_title":"FAHRZEUG E | ADAC Tourenwagen Junior Cup","og_description":"FAHRZEUG Der virtuelle VW up! GTI f\u00fcr die Simulation Assetto Corsa wurde in enger Abstimmung mit MRD (Entwickler der realen Fahrzeuge) auf Basis echter Fahrdaten optimiert. Die Weiterentwicklung des seit 2020 existierenden Modells umfasste \u00c4nderungen an der Karosserie, die seit der Saison 2024 an der Vorderachse deutlich ver\u00e4ndert wurde. Ebenfalls wurden s\u00e4mtliche reale Fahrzeugdaten in die Simulation \u00fcbertragen. Neben der ... Read More","og_url":"https:\/\/www.tourenwagenjuniorcup.de\/en\/fahrzeug\/","og_site_name":"ADAC Tourenwagen Junior Cup","article_modified_time":"2026-01-14T12:13:19+00:00","twitter_card":"summary_large_image","twitter_misc":{"Est. reading time":"3 minutes"},"schema":{"@context":"https:\/\/schema.org","@graph":[{"@type":"WebPage","@id":"https:\/\/www.tourenwagenjuniorcup.de\/en\/fahrzeug\/","url":"https:\/\/www.tourenwagenjuniorcup.de\/en\/fahrzeug\/","name":"FAHRZEUG E | ADAC Tourenwagen Junior Cup","isPartOf":{"@id":"https:\/\/www.tourenwagenjuniorcup.de\/en\/#website"},"datePublished":"2025-11-03T09:25:09+00:00","dateModified":"2026-01-14T12:13:19+00:00","breadcrumb":{"@id":"https:\/\/www.tourenwagenjuniorcup.de\/en\/fahrzeug\/#breadcrumb"},"inLanguage":"en-US","potentialAction":[{"@type":"ReadAction","target":["https:\/\/www.tourenwagenjuniorcup.de\/en\/fahrzeug\/"]}]},{"@type":"BreadcrumbList","@id":"https:\/\/www.tourenwagenjuniorcup.de\/en\/fahrzeug\/#breadcrumb","itemListElement":[{"@type":"ListItem","position":1,"name":"Startseite","item":"https:\/\/www.tourenwagenjuniorcup.de\/en\/"},{"@type":"ListItem","position":2,"name":"FAHRZEUG E"}]},{"@type":"WebSite","@id":"https:\/\/www.tourenwagenjuniorcup.de\/en\/#website","url":"https:\/\/www.tourenwagenjuniorcup.de\/en\/","name":"ADAC Tourenwagen Junior Cup","description":"Der ADAC Tourenwagen Junior Cup ist die deutsche Nachwuchsliga und dein Sprungbrett in den Profi-Sport.","potentialAction":[{"@type":"SearchAction","target":{"@type":"EntryPoint","urlTemplate":"https:\/\/www.tourenwagenjuniorcup.de\/en\/?s={search_term_string}"},"query-input":{"@type":"PropertyValueSpecification","valueRequired":true,"valueName":"search_term_string"}}],"inLanguage":"en-US"}]}},"_links":{"self":[{"href":"https:\/\/www.tourenwagenjuniorcup.de\/en\/wp-json\/wp\/v2\/pages\/8675","targetHints":{"allow":["GET"]}}],"collection":[{"href":"https:\/\/www.tourenwagenjuniorcup.de\/en\/wp-json\/wp\/v2\/pages"}],"about":[{"href":"https:\/\/www.tourenwagenjuniorcup.de\/en\/wp-json\/wp\/v2\/types\/page"}],"author":[{"embeddable":true,"href":"https:\/\/www.tourenwagenjuniorcup.de\/en\/wp-json\/wp\/v2\/users\/3"}],"replies":[{"embeddable":true,"href":"https:\/\/www.tourenwagenjuniorcup.de\/en\/wp-json\/wp\/v2\/comments?post=8675"}],"version-history":[{"count":1,"href":"https:\/\/www.tourenwagenjuniorcup.de\/en\/wp-json\/wp\/v2\/pages\/8675\/revisions"}],"predecessor-version":[{"id":8676,"href":"https:\/\/www.tourenwagenjuniorcup.de\/en\/wp-json\/wp\/v2\/pages\/8675\/revisions\/8676"}],"wp:attachment":[{"href":"https:\/\/www.tourenwagenjuniorcup.de\/en\/wp-json\/wp\/v2\/media?parent=8675"}],"curies":[{"name":"wp","href":"https:\/\/api.w.org\/{rel}","templated":true}]}}